{"id":77,"date":"2025-01-29T14:41:49","date_gmt":"2025-01-29T14:41:49","guid":{"rendered":"https:\/\/foskfoundation.org\/?page_id=77"},"modified":"2025-07-02T17:29:17","modified_gmt":"2025-07-02T17:29:17","slug":"dzialania-spoleczne-pl","status":"publish","type":"page","link":"https:\/\/foskfoundation.org\/index.php\/pl\/dzialania-spoleczne-pl\/","title":{"rendered":"03 Dzia\u0142ania spo\u0142eczne PL"},"content":{"rendered":"\t\t<div data-elementor-type=\"wp-page\" data-elementor-id=\"77\" class=\"elementor elementor-77\">\n\t\t\t\t\t\t<section class=\"elementor-section elementor-top-section elementor-element elementor-element-e22fc70 elementor-section-height-min-height elementor-section-boxed elementor-section-height-default elementor-section-items-middle elementor-invisible\" data-id=\"e22fc70\" data-element_type=\"section\" data-e-type=\"section\" data-settings=\"{&quot;background_background&quot;:&quot;classic&quot;,&quot;animation&quot;:&quot;fadeIn&quot;}\">\n\t\t\t\t\t\t<div class=\"elementor-container elementor-column-gap-default\">\n\t\t\t\t\t<div class=\"elementor-column elementor-col-100 elementor-top-column elementor-element elementor-element-3e2455a9\" data-id=\"3e2455a9\" data-element_type=\"column\" data-e-type=\"column\">\n\t\t\t<div class=\"elementor-widget-wrap elementor-element-populated\">\n\t\t\t\t\t\t<div class=\"elementor-element elementor-element-4091e403 elementor-invisible elementor-widget elementor-widget-heading\" data-id=\"4091e403\" data-element_type=\"widget\" data-e-type=\"widget\" data-settings=\"{&quot;_animation&quot;:&quot;fadeInUp&quot;,&quot;_animation_delay&quot;:400}\" data-widget_type=\"heading.default\">\n\t\t\t\t<div class=\"elementor-widget-container\">\n\t\t\t\t\t<h1 class=\"elementor-heading-title elementor-size-default\">dzia\u0142ania spo\u0142eczne<\/h1>\t\t\t\t<\/div>\n\t\t\t\t<\/div>\n\t\t\t\t\t<\/div>\n\t\t<\/div>\n\t\t\t\t\t<\/div>\n\t\t<\/section>\n\t\t\t\t<section class=\"elementor-section elementor-top-section elementor-element elementor-element-4288c07d elementor-section-boxed elementor-section-height-default elementor-section-height-default\" data-id=\"4288c07d\" data-element_type=\"section\" data-e-type=\"section\" data-settings=\"{&quot;background_background&quot;:&quot;classic&quot;}\">\n\t\t\t\t\t\t<div class=\"elementor-container elementor-column-gap-default\">\n\t\t\t\t\t<div class=\"elementor-column elementor-col-100 elementor-top-column elementor-element elementor-element-5a030bfa\" data-id=\"5a030bfa\" data-element_type=\"column\" data-e-type=\"column\">\n\t\t\t<div class=\"elementor-widget-wrap elementor-element-populated\">\n\t\t\t\t\t\t<div class=\"elementor-element elementor-element-5cb886f eael_simple_menu_hamburger_disable_selected_menu_no eael-simple-menu-hamburger-align-right eael-hamburger--tablet elementor-widget elementor-widget-eael-simple-menu\" data-id=\"5cb886f\" data-element_type=\"widget\" data-e-type=\"widget\" data-widget_type=\"eael-simple-menu.default\">\n\t\t\t\t<div class=\"elementor-widget-container\">\n\t\t\t\t\t<style>\n                        @media screen and (max-width: 1024px) {\n                            .eael-hamburger--tablet {\n                                .eael-simple-menu-horizontal,\n                                .eael-simple-menu-vertical {\n                                    display: none;\n                                }\n                            }\n                            .eael-hamburger--tablet {\n                                .eael-simple-menu-container .eael-simple-menu-toggle {\n                                    display: block;\n                                }\n                            }\n                        }\n                    <\/style>            <div data-hamburger-icon=\"&lt;svg aria-hidden=&quot;true&quot; class=&quot;e-font-icon-svg e-fas-bars&quot; viewBox=&quot;0 0 448 512&quot; xmlns=&quot;http:\/\/www.w3.org\/2000\/svg&quot;&gt;&lt;path d=&quot;M16 132h416c8.837 0 16-7.163 16-16V76c0-8.837-7.163-16-16-16H16C7.163 60 0 67.163 0 76v40c0 8.837 7.163 16 16 16zm0 160h416c8.837 0 16-7.163 16-16v-40c0-8.837-7.163-16-16-16H16c-8.837 0-16 7.163-16 16v40c0 8.837 7.163 16 16 16zm0 160h416c8.837 0 16-7.163 16-16v-40c0-8.837-7.163-16-16-16H16c-8.837 0-16 7.163-16 16v40c0 8.837 7.163 16 16 16z&quot;&gt;&lt;\/path&gt;&lt;\/svg&gt;\" data-indicator-icon=\"&lt;svg aria-hidden=&quot;true&quot; class=&quot;e-font-icon-svg e-fas-angle-down&quot; viewBox=&quot;0 0 320 512&quot; xmlns=&quot;http:\/\/www.w3.org\/2000\/svg&quot;&gt;&lt;path d=&quot;M143 352.3L7 216.3c-9.4-9.4-9.4-24.6 0-33.9l22.6-22.6c9.4-9.4 24.6-9.4 33.9 0l96.4 96.4 96.4-96.4c9.4-9.4 24.6-9.4 33.9 0l22.6 22.6c9.4 9.4 9.4 24.6 0 33.9l-136 136c-9.2 9.4-24.4 9.4-33.8 0z&quot;&gt;&lt;\/path&gt;&lt;\/svg&gt;\" data-dropdown-indicator-icon=\"&lt;svg class=&quot;e-font-icon-svg e-fas-angle-down&quot; viewBox=&quot;0 0 320 512&quot; xmlns=&quot;http:\/\/www.w3.org\/2000\/svg&quot;&gt;&lt;path d=&quot;M143 352.3L7 216.3c-9.4-9.4-9.4-24.6 0-33.9l22.6-22.6c9.4-9.4 24.6-9.4 33.9 0l96.4 96.4 96.4-96.4c9.4-9.4 24.6-9.4 33.9 0l22.6 22.6c9.4 9.4 9.4 24.6 0 33.9l-136 136c-9.2 9.4-24.4 9.4-33.8 0z&quot;&gt;&lt;\/path&gt;&lt;\/svg&gt;\" class=\"eael-simple-menu-container eael-simple-menu-align-center eael-simple-menu-dropdown-align-left preset-1\" data-hamburger-breakpoints=\"{&quot;mobile&quot;:&quot;Mobilny pionowy (&gt; 767px)&quot;,&quot;tablet&quot;:&quot;Pionowy tablet (&gt; 1024px)&quot;,&quot;desktop&quot;:&quot;Desktop (&gt; 2400px)&quot;,&quot;none&quot;:&quot;None&quot;}\" data-hamburger-device=\"tablet\">\n                <ul id=\"menu-menuglowneeng\" class=\"eael-simple-menu eael-simple-menu-dropdown-animate-to-top eael-simple-menu-indicator eael-simple-menu-horizontal\"><li id=\"menu-item-293\" class=\"menu-item menu-item-type-post_type menu-item-object-page menu-item-293\"><a href=\"https:\/\/foskfoundation.org\/\">Main<\/a><\/li>\n<li id=\"menu-item-290\" class=\"menu-item menu-item-type-post_type menu-item-object-page menu-item-290\"><a href=\"https:\/\/foskfoundation.org\/index.php\/dolacz-do-nas-eng\/\">Join us<\/a><\/li>\n<li id=\"menu-item-291\" class=\"menu-item menu-item-type-post_type menu-item-object-page menu-item-291\"><a href=\"https:\/\/foskfoundation.org\/index.php\/dzialania-spoleczne-eng\/\">Social activities<\/a><\/li>\n<li id=\"menu-item-292\" class=\"menu-item menu-item-type-post_type menu-item-object-page menu-item-292\"><a href=\"https:\/\/foskfoundation.org\/index.php\/wsparcie-eng\/\">Support<\/a><\/li>\n<li id=\"menu-item-299\" class=\"menu-item menu-item-type-custom menu-item-object-custom menu-item-299\"><a href=\"#pll_switcher\">J\u0119zyki<\/a><\/li>\n<\/ul>                <button class=\"eael-simple-menu-toggle\">\n                    <span class=\"sr-only \">Hamburger Toggle Menu<\/span>\n                    <svg aria-hidden=\"true\" class=\"e-font-icon-svg e-fas-bars\" viewBox=\"0 0 448 512\" xmlns=\"http:\/\/www.w3.org\/2000\/svg\"><path d=\"M16 132h416c8.837 0 16-7.163 16-16V76c0-8.837-7.163-16-16-16H16C7.163 60 0 67.163 0 76v40c0 8.837 7.163 16 16 16zm0 160h416c8.837 0 16-7.163 16-16v-40c0-8.837-7.163-16-16-16H16c-8.837 0-16 7.163-16 16v40c0 8.837 7.163 16 16 16zm0 160h416c8.837 0 16-7.163 16-16v-40c0-8.837-7.163-16-16-16H16c-8.837 0-16 7.163-16 16v40c0 8.837 7.163 16 16 16z\"><\/path><\/svg>                <\/button>\n            <\/div>\n            \t\t\t\t<\/div>\n\t\t\t\t<\/div>\n\t\t\t\t<div class=\"elementor-element elementor-element-d3a667a elementor-widget elementor-widget-spacer\" data-id=\"d3a667a\" data-element_type=\"widget\" data-e-type=\"widget\" data-widget_type=\"spacer.default\">\n\t\t\t\t<div class=\"elementor-widget-container\">\n\t\t\t\t\t\t\t<div class=\"elementor-spacer\">\n\t\t\t<div class=\"elementor-spacer-inner\"><\/div>\n\t\t<\/div>\n\t\t\t\t\t\t<\/div>\n\t\t\t\t<\/div>\n\t\t\t\t<div class=\"elementor-element elementor-element-2071516 elementor-widget elementor-widget-text-editor\" data-id=\"2071516\" data-element_type=\"widget\" data-e-type=\"widget\" data-widget_type=\"text-editor.default\">\n\t\t\t\t<div class=\"elementor-widget-container\">\n\t\t\t\t\t\t\t\t\t<p><strong>Wierzymy, \u017ce kultura i edukacja maj\u0105 moc zmieniania \u015bwiata. W ramach dzia\u0142a\u0144 spo\u0142ecznych anga\u017cujemy si\u0119 w projekty, kt\u00f3re wspieraj\u0105 rozw\u00f3j m\u0142odzie\u017cy, integracj\u0119 spo\u0142eczno\u015bci polsko-korea\u0144skiej i promocj\u0119 czytelnictwa.<\/strong><\/p>\t\t\t\t\t\t\t\t<\/div>\n\t\t\t\t<\/div>\n\t\t\t\t<div class=\"elementor-element elementor-element-3285494b elementor-widget elementor-widget-text-editor\" data-id=\"3285494b\" data-element_type=\"widget\" data-e-type=\"widget\" data-widget_type=\"text-editor.default\">\n\t\t\t\t<div class=\"elementor-widget-container\">\n\t\t\t\t\t\t\t\t\t<p>\u00a0<\/p><p>Nasze inicjatywy obejmuj\u0105:<\/p><p><strong>Promocj\u0119 czytelnictwa<\/strong> \u2013 organizujemy kluby ksi\u0105\u017cki, spotkania autorskie i warsztaty literackie.<br \/><strong>Edukacj\u0119 i rozw\u00f3j m\u0142odzie\u017cy<\/strong> \u2013 wspieramy programy mentoringowe, szkolenia i dzia\u0142ania na rzecz zdrowia psychicznego m\u0142odych ludzi.<br \/><strong>Integracj\u0119 mi\u0119dzypokoleniow\u0105<\/strong> \u2013 organizujemy spotkania, kt\u00f3re \u0142\u0105cz\u0105 r\u00f3\u017cne grupy spo\u0142eczne i kulturowe.<br \/><strong>Zr\u00f3wnowa\u017cony rozw\u00f3j i odpowiedzialno\u015b\u0107 spo\u0142eczn\u0105<\/strong> \u2013 anga\u017cujemy si\u0119 w dzia\u0142ania na rzecz ekologii i \u015bwiadomego biznesu.<\/p><p>\u00a0<\/p><p>Chcesz dowiedzie\u0107 si\u0119 wi\u0119cej? Napisz do nas i wsp\u00f3lnie tw\u00f3rzmy warto\u015bciowe projekty!<\/p>\t\t\t\t\t\t\t\t<\/div>\n\t\t\t\t<\/div>\n\t\t\t\t\t<\/div>\n\t\t<\/div>\n\t\t\t\t\t<\/div>\n\t\t<\/section>\n\t\t\t\t<section class=\"elementor-section elementor-top-section elementor-element elementor-element-4ac89dd elementor-section-height-min-height elementor-section-boxed elementor-section-height-default elementor-section-items-middle elementor-invisible\" data-id=\"4ac89dd\" data-element_type=\"section\" data-e-type=\"section\" data-settings=\"{&quot;background_background&quot;:&quot;classic&quot;,&quot;animation&quot;:&quot;fadeIn&quot;}\">\n\t\t\t\t\t\t<div class=\"elementor-container elementor-column-gap-default\">\n\t\t\t\t\t<div class=\"elementor-column elementor-col-100 elementor-top-column elementor-element elementor-element-2d13ae0\" data-id=\"2d13ae0\" data-element_type=\"column\" data-e-type=\"column\">\n\t\t\t<div class=\"elementor-widget-wrap\">\n\t\t\t\t\t\t\t<\/div>\n\t\t<\/div>\n\t\t\t\t\t<\/div>\n\t\t<\/section>\n\t\t\t\t<\/div>\n\t\t","protected":false},"excerpt":{"rendered":"<p>dzia\u0142ania spo\u0142eczne Start Do\u0142\u0105cz do nas Dzia\u0142ania spo\u0142eczne Wesprzyj nas Hamburger Toggle Menu Wierzymy, \u017ce kultura i edukacja maj\u0105 moc zmieniania \u015bwiata. W ramach dzia\u0142a\u0144 spo\u0142ecznych anga\u017cujemy si\u0119 w projekty, kt\u00f3re wspieraj\u0105 rozw\u00f3j m\u0142odzie\u017cy, integracj\u0119 spo\u0142eczno\u015bci polsko-korea\u0144skiej i promocj\u0119 czytelnictwa. \u00a0 Nasze inicjatywy obejmuj\u0105: Promocj\u0119 czytelnictwa \u2013 organizujemy kluby ksi\u0105\u017cki, spotkania autorskie i warsztaty literackie.Edukacj\u0119 [&hellip;]<\/p>\n","protected":false},"author":1,"featured_media":0,"parent":0,"menu_order":0,"comment_status":"closed","ping_status":"closed","template":"","meta":{"footnotes":""},"class_list":["post-77","page","type-page","status-publish","hentry"],"_links":{"self":[{"href":"https:\/\/foskfoundation.org\/index.php\/wp-json\/wp\/v2\/pages\/77","targetHints":{"allow":["GET"]}}],"collection":[{"href":"https:\/\/foskfoundation.org\/index.php\/wp-json\/wp\/v2\/pages"}],"about":[{"href":"https:\/\/foskfoundation.org\/index.php\/wp-json\/wp\/v2\/types\/page"}],"author":[{"embeddable":true,"href":"https:\/\/foskfoundation.org\/index.php\/wp-json\/wp\/v2\/users\/1"}],"replies":[{"embeddable":true,"href":"https:\/\/foskfoundation.org\/index.php\/wp-json\/wp\/v2\/comments?post=77"}],"version-history":[{"count":24,"href":"https:\/\/foskfoundation.org\/index.php\/wp-json\/wp\/v2\/pages\/77\/revisions"}],"predecessor-version":[{"id":315,"href":"https:\/\/foskfoundation.org\/index.php\/wp-json\/wp\/v2\/pages\/77\/revisions\/315"}],"wp:attachment":[{"href":"https:\/\/foskfoundation.org\/index.php\/wp-json\/wp\/v2\/media?parent=77"}],"curies":[{"name":"wp","href":"https:\/\/api.w.org\/{rel}","templated":true}]}}