{"id":32,"date":"2025-01-29T14:41:49","date_gmt":"2025-01-29T14:41:49","guid":{"rendered":"https:\/\/foskfoundation.org\/?page_id=32"},"modified":"2025-07-02T16:51:57","modified_gmt":"2025-07-02T16:51:57","slug":"wsparcie-pl","status":"publish","type":"page","link":"https:\/\/foskfoundation.org\/index.php\/pl\/wsparcie-pl\/","title":{"rendered":"02 Wsparcie PL"},"content":{"rendered":"\t\t<div data-elementor-type=\"wp-page\" data-elementor-id=\"32\" class=\"elementor elementor-32\">\n\t\t\t\t\t\t<section class=\"elementor-section elementor-top-section elementor-element elementor-element-5f7e1879 elementor-section-height-min-height elementor-section-boxed elementor-section-height-default elementor-section-items-middle elementor-invisible\" data-id=\"5f7e1879\" data-element_type=\"section\" data-e-type=\"section\" data-settings=\"{&quot;background_background&quot;:&quot;classic&quot;,&quot;animation&quot;:&quot;fadeIn&quot;}\">\n\t\t\t\t\t\t\t<div class=\"elementor-background-overlay\"><\/div>\n\t\t\t\t\t\t\t<div class=\"elementor-container elementor-column-gap-default\">\n\t\t\t\t\t<div class=\"elementor-column elementor-col-100 elementor-top-column elementor-element elementor-element-66e37f43\" data-id=\"66e37f43\" data-element_type=\"column\" data-e-type=\"column\">\n\t\t\t<div class=\"elementor-widget-wrap elementor-element-populated\">\n\t\t\t\t\t\t<div class=\"elementor-element elementor-element-358ce5c elementor-widget elementor-widget-spacer\" data-id=\"358ce5c\" data-element_type=\"widget\" data-e-type=\"widget\" data-widget_type=\"spacer.default\">\n\t\t\t\t<div class=\"elementor-widget-container\">\n\t\t\t\t\t\t\t<div class=\"elementor-spacer\">\n\t\t\t<div class=\"elementor-spacer-inner\"><\/div>\n\t\t<\/div>\n\t\t\t\t\t\t<\/div>\n\t\t\t\t<\/div>\n\t\t\t\t<div class=\"elementor-element elementor-element-36e7543 elementor-invisible elementor-widget elementor-widget-heading\" data-id=\"36e7543\" data-element_type=\"widget\" data-e-type=\"widget\" data-settings=\"{&quot;_animation&quot;:&quot;fadeInUp&quot;}\" data-widget_type=\"heading.default\">\n\t\t\t\t<div class=\"elementor-widget-container\">\n\t\t\t\t\t<h1 class=\"elementor-heading-title elementor-size-default\">wsparcie<\/h1>\t\t\t\t<\/div>\n\t\t\t\t<\/div>\n\t\t\t\t\t<\/div>\n\t\t<\/div>\n\t\t\t\t\t<\/div>\n\t\t<\/section>\n\t\t<div class=\"elementor-element elementor-element-34025a4 e-flex e-con-boxed e-con e-parent\" data-id=\"34025a4\" data-element_type=\"container\" data-e-type=\"container\">\n\t\t\t\t\t<div class=\"e-con-inner\">\n\t\t\t\t\t<\/div>\n\t\t\t\t<\/div>\n\t\t<div class=\"elementor-element elementor-element-3752c00 e-grid e-con-boxed e-con e-parent\" data-id=\"3752c00\" data-element_type=\"container\" data-e-type=\"container\">\n\t\t\t\t\t<div class=\"e-con-inner\">\n\t\t\t\t<div class=\"elementor-element elementor-element-602cf70 elementor-widget elementor-widget-spacer\" data-id=\"602cf70\" data-element_type=\"widget\" data-e-type=\"widget\" data-widget_type=\"spacer.default\">\n\t\t\t\t<div class=\"elementor-widget-container\">\n\t\t\t\t\t\t\t<div class=\"elementor-spacer\">\n\t\t\t<div class=\"elementor-spacer-inner\"><\/div>\n\t\t<\/div>\n\t\t\t\t\t\t<\/div>\n\t\t\t\t<\/div>\n\t\t\t\t<div class=\"elementor-element elementor-element-431c566 eael_simple_menu_hamburger_disable_selected_menu_no eael-simple-menu-hamburger-align-right eael-hamburger--tablet elementor-widget elementor-widget-eael-simple-menu\" data-id=\"431c566\" data-element_type=\"widget\" data-e-type=\"widget\" data-widget_type=\"eael-simple-menu.default\">\n\t\t\t\t<div class=\"elementor-widget-container\">\n\t\t\t\t\t<style>\n                        @media screen and (max-width: 1024px) {\n                            .eael-hamburger--tablet {\n                                .eael-simple-menu-horizontal,\n                                .eael-simple-menu-vertical {\n                                    display: none;\n                                }\n                            }\n                            .eael-hamburger--tablet {\n                                .eael-simple-menu-container .eael-simple-menu-toggle {\n                                    display: block;\n                                }\n                            }\n                        }\n                    <\/style>            <div data-hamburger-icon=\"&lt;svg aria-hidden=&quot;true&quot; class=&quot;e-font-icon-svg e-fas-bars&quot; viewBox=&quot;0 0 448 512&quot; xmlns=&quot;http:\/\/www.w3.org\/2000\/svg&quot;&gt;&lt;path d=&quot;M16 132h416c8.837 0 16-7.163 16-16V76c0-8.837-7.163-16-16-16H16C7.163 60 0 67.163 0 76v40c0 8.837 7.163 16 16 16zm0 160h416c8.837 0 16-7.163 16-16v-40c0-8.837-7.163-16-16-16H16c-8.837 0-16 7.163-16 16v40c0 8.837 7.163 16 16 16zm0 160h416c8.837 0 16-7.163 16-16v-40c0-8.837-7.163-16-16-16H16c-8.837 0-16 7.163-16 16v40c0 8.837 7.163 16 16 16z&quot;&gt;&lt;\/path&gt;&lt;\/svg&gt;\" data-indicator-icon=\"&lt;svg aria-hidden=&quot;true&quot; class=&quot;e-font-icon-svg e-fas-angle-down&quot; viewBox=&quot;0 0 320 512&quot; xmlns=&quot;http:\/\/www.w3.org\/2000\/svg&quot;&gt;&lt;path d=&quot;M143 352.3L7 216.3c-9.4-9.4-9.4-24.6 0-33.9l22.6-22.6c9.4-9.4 24.6-9.4 33.9 0l96.4 96.4 96.4-96.4c9.4-9.4 24.6-9.4 33.9 0l22.6 22.6c9.4 9.4 9.4 24.6 0 33.9l-136 136c-9.2 9.4-24.4 9.4-33.8 0z&quot;&gt;&lt;\/path&gt;&lt;\/svg&gt;\" data-dropdown-indicator-icon=\"&lt;svg class=&quot;e-font-icon-svg e-fas-angle-down&quot; viewBox=&quot;0 0 320 512&quot; xmlns=&quot;http:\/\/www.w3.org\/2000\/svg&quot;&gt;&lt;path d=&quot;M143 352.3L7 216.3c-9.4-9.4-9.4-24.6 0-33.9l22.6-22.6c9.4-9.4 24.6-9.4 33.9 0l96.4 96.4 96.4-96.4c9.4-9.4 24.6-9.4 33.9 0l22.6 22.6c9.4 9.4 9.4 24.6 0 33.9l-136 136c-9.2 9.4-24.4 9.4-33.8 0z&quot;&gt;&lt;\/path&gt;&lt;\/svg&gt;\" class=\"eael-simple-menu-container eael-simple-menu-align-center eael-simple-menu-dropdown-align-left preset-1\" data-hamburger-breakpoints=\"{&quot;mobile&quot;:&quot;Mobilny pionowy (&gt; 767px)&quot;,&quot;tablet&quot;:&quot;Pionowy tablet (&gt; 1024px)&quot;,&quot;desktop&quot;:&quot;Desktop (&gt; 2400px)&quot;,&quot;none&quot;:&quot;None&quot;}\" data-hamburger-device=\"tablet\">\n                <ul id=\"menu-menuglowneeng\" class=\"eael-simple-menu eael-simple-menu-dropdown-animate-to-top eael-simple-menu-indicator eael-simple-menu-horizontal\"><li id=\"menu-item-293\" class=\"menu-item menu-item-type-post_type menu-item-object-page menu-item-293\"><a href=\"https:\/\/foskfoundation.org\/\">Main<\/a><\/li>\n<li id=\"menu-item-290\" class=\"menu-item menu-item-type-post_type menu-item-object-page menu-item-290\"><a href=\"https:\/\/foskfoundation.org\/index.php\/dolacz-do-nas-eng\/\">Join us<\/a><\/li>\n<li id=\"menu-item-291\" class=\"menu-item menu-item-type-post_type menu-item-object-page menu-item-291\"><a href=\"https:\/\/foskfoundation.org\/index.php\/dzialania-spoleczne-eng\/\">Social activities<\/a><\/li>\n<li id=\"menu-item-292\" class=\"menu-item menu-item-type-post_type menu-item-object-page menu-item-292\"><a href=\"https:\/\/foskfoundation.org\/index.php\/wsparcie-eng\/\">Support<\/a><\/li>\n<li id=\"menu-item-299\" class=\"menu-item menu-item-type-custom menu-item-object-custom menu-item-299\"><a href=\"#pll_switcher\">J\u0119zyki<\/a><\/li>\n<\/ul>                <button class=\"eael-simple-menu-toggle\">\n                    <span class=\"sr-only \">Hamburger Toggle Menu<\/span>\n                    <svg aria-hidden=\"true\" class=\"e-font-icon-svg e-fas-bars\" viewBox=\"0 0 448 512\" xmlns=\"http:\/\/www.w3.org\/2000\/svg\"><path d=\"M16 132h416c8.837 0 16-7.163 16-16V76c0-8.837-7.163-16-16-16H16C7.163 60 0 67.163 0 76v40c0 8.837 7.163 16 16 16zm0 160h416c8.837 0 16-7.163 16-16v-40c0-8.837-7.163-16-16-16H16c-8.837 0-16 7.163-16 16v40c0 8.837 7.163 16 16 16zm0 160h416c8.837 0 16-7.163 16-16v-40c0-8.837-7.163-16-16-16H16c-8.837 0-16 7.163-16 16v40c0 8.837 7.163 16 16 16z\"><\/path><\/svg>                <\/button>\n            <\/div>\n            \t\t\t\t<\/div>\n\t\t\t\t<\/div>\n\t\t\t\t\t<\/div>\n\t\t\t\t<\/div>\n\t\t<div class=\"elementor-element elementor-element-3436aba e-grid e-con-boxed e-con e-parent\" data-id=\"3436aba\" data-element_type=\"container\" data-e-type=\"container\">\n\t\t\t\t\t<div class=\"e-con-inner\">\n\t\t\t\t<div class=\"elementor-element elementor-element-c5e8e96 elementor-widget elementor-widget-text-editor\" data-id=\"c5e8e96\" data-element_type=\"widget\" data-e-type=\"widget\" data-widget_type=\"text-editor.default\">\n\t\t\t\t<div class=\"elementor-widget-container\">\n\t\t\t\t\t\t\t\t\t<p><strong>Twoje wsparcie ma znaczenie! <\/strong><strong>\ud83d\udc99<\/strong><\/p><p>Dzi\u0119ki Twojej pomocy mo\u017cemy rozwija\u0107 dzia\u0142ania Fundacji Przyjaci\u00f3\u0142 Korei Po\u0142udniowej \u2013 organizowa\u0107 wydarzenia kulturalne, edukacyjne i spo\u0142eczne, promowa\u0107 kultur\u0119 Korei oraz wspiera\u0107 integracj\u0119 polsko-korea\u0144sk\u0105. Ka\u017cda forma wsparcia przyczynia si\u0119 do realizacji naszej misji. Sprawd\u017a, jak mo\u017cesz pom\u00f3c!<\/p><p>Wspieraj\u0105c nas darowizn\u0105, nie tylko pomagasz rozwija\u0107 fundacj\u0119, ale tak\u017ce mo\u017cesz skorzysta\u0107 z <strong>ulgi podatkowej<\/strong>! Wystarczy, \u017ce dokonasz wp\u0142aty na nasze konto:<\/p><p>\ud83d\udcb3 <strong>Numer rachunku bankowego:<\/strong><br \/><strong>NEST BANK: 67 2530 0008 2012 1083 1096 0001<\/strong><br \/><strong>Tytu\u0142 przelewu:<\/strong> \u201eDarowizna na realizacj\u0119 cel\u00f3w statutowych\u201d<\/p><p>Kwot\u0119 darowizny mo\u017cesz odliczy\u0107 od dochodu w swoim zeznaniu rocznym i uzyska\u0107 <strong>zwrot podatku<\/strong>.<\/p>\t\t\t\t\t\t\t\t<\/div>\n\t\t\t\t<\/div>\n\t\t\t\t<div class=\"elementor-element elementor-element-4c669f1 elementor-widget elementor-widget-image\" data-id=\"4c669f1\" data-element_type=\"widget\" data-e-type=\"widget\" data-widget_type=\"image.default\">\n\t\t\t\t<div class=\"elementor-widget-container\">\n\t\t\t\t\t\t\t\t\t\t\t\t\t\t\t<img fetchpriority=\"high\" decoding=\"async\" width=\"768\" height=\"1024\" src=\"https:\/\/foskfoundation.org\/wp-content\/uploads\/2025\/04\/Korea_007-768x1024.jpeg\" class=\"attachment-medium_large size-medium_large wp-image-191\" alt=\"\" srcset=\"https:\/\/foskfoundation.org\/wp-content\/uploads\/2025\/04\/Korea_007-768x1024.jpeg 768w, https:\/\/foskfoundation.org\/wp-content\/uploads\/2025\/04\/Korea_007-225x300.jpeg 225w, https:\/\/foskfoundation.org\/wp-content\/uploads\/2025\/04\/Korea_007-1152x1536.jpeg 1152w, https:\/\/foskfoundation.org\/wp-content\/uploads\/2025\/04\/Korea_007-1536x2048.jpeg 1536w, https:\/\/foskfoundation.org\/wp-content\/uploads\/2025\/04\/Korea_007-scaled.jpeg 1920w\" sizes=\"(max-width: 768px) 100vw, 768px\" \/>\t\t\t\t\t\t\t\t\t\t\t\t\t\t\t<\/div>\n\t\t\t\t<\/div>\n\t\t\t\t\t<\/div>\n\t\t\t\t<\/div>\n\t\t<div class=\"elementor-element elementor-element-af4f3f5 e-grid e-con-boxed e-con e-parent\" data-id=\"af4f3f5\" data-element_type=\"container\" data-e-type=\"container\">\n\t\t\t\t\t<div class=\"e-con-inner\">\n\t\t\t\t<div class=\"elementor-element elementor-element-f2b70f3 elementor-widget elementor-widget-image\" data-id=\"f2b70f3\" data-element_type=\"widget\" data-e-type=\"widget\" data-widget_type=\"image.default\">\n\t\t\t\t<div class=\"elementor-widget-container\">\n\t\t\t\t\t\t\t\t\t\t\t\t\t\t\t<img decoding=\"async\" width=\"768\" height=\"1024\" src=\"https:\/\/foskfoundation.org\/wp-content\/uploads\/2025\/04\/Korea_332-768x1024.webp\" class=\"attachment-medium_large size-medium_large wp-image-116\" alt=\"\" srcset=\"https:\/\/foskfoundation.org\/wp-content\/uploads\/2025\/04\/Korea_332-768x1024.webp 768w, https:\/\/foskfoundation.org\/wp-content\/uploads\/2025\/04\/Korea_332-225x300.webp 225w, https:\/\/foskfoundation.org\/wp-content\/uploads\/2025\/04\/Korea_332-1152x1536.jpg 1152w, https:\/\/foskfoundation.org\/wp-content\/uploads\/2025\/04\/Korea_332-1536x2048.jpg 1536w, https:\/\/foskfoundation.org\/wp-content\/uploads\/2025\/04\/Korea_332-scaled.webp 1440w\" sizes=\"(max-width: 768px) 100vw, 768px\" \/>\t\t\t\t\t\t\t\t\t\t\t\t\t\t\t<\/div>\n\t\t\t\t<\/div>\n\t\t\t\t<div class=\"elementor-element elementor-element-c57f912 elementor-widget elementor-widget-text-editor\" data-id=\"c57f912\" data-element_type=\"widget\" data-e-type=\"widget\" data-widget_type=\"text-editor.default\">\n\t\t\t\t<div class=\"elementor-widget-container\">\n\t\t\t\t\t\t\t\t\t<p><strong>PATRONITE\u00a0<\/strong><\/p><p>Chcesz wspiera\u0107 nas regularnie? Do\u0142\u0105cz do grona naszych patron\u00f3w na <strong>Patronite<\/strong>! Dzi\u0119ki Twojemu wsparciu mo\u017cemy rozwija\u0107 nasz\u0105 dzia\u0142alno\u015b\u0107 i realizowa\u0107 kolejne projekty. Ka\u017cdy patron otrzymuje dost\u0119p do ekskluzywnych tre\u015bci, podzi\u0119kowa\u0144 oraz mo\u017cliwo\u015bci bli\u017cszego zaanga\u017cowania si\u0119 w dzia\u0142ania fundacji.<\/p>\t\t\t\t\t\t\t\t<\/div>\n\t\t\t\t<\/div>\n\t\t\t\t\t<\/div>\n\t\t\t\t<\/div>\n\t\t<div class=\"elementor-element elementor-element-cdb991c e-grid e-con-boxed e-con e-parent\" data-id=\"cdb991c\" data-element_type=\"container\" data-e-type=\"container\">\n\t\t\t\t\t<div class=\"e-con-inner\">\n\t\t\t\t<div class=\"elementor-element elementor-element-fc59f66 elementor-widget elementor-widget-text-editor\" data-id=\"fc59f66\" data-element_type=\"widget\" data-e-type=\"widget\" data-widget_type=\"text-editor.default\">\n\t\t\t\t<div class=\"elementor-widget-container\">\n\t\t\t\t\t\t\t\t\t<p><strong>BUY COFFEE\u00a0\u00a0<\/strong><\/p><p>Lubisz nasze dzia\u0142ania i chcesz nas wesprze\u0107 jednorazow\u0105 wp\u0142at\u0105? Mo\u017cesz postawi\u0107 nam symboliczn\u0105 kaw\u0119 poprzez platform\u0119 <strong>BuyCoffee<\/strong>! Ka\u017cda wp\u0142ata pomaga nam w realizacji naszych cel\u00f3w i codziennej pracy nad wype\u0142nianiem naszej misji.<\/p>\t\t\t\t\t\t\t\t<\/div>\n\t\t\t\t<\/div>\n\t\t\t\t<div class=\"elementor-element elementor-element-0131e39 elementor-widget elementor-widget-image\" data-id=\"0131e39\" data-element_type=\"widget\" data-e-type=\"widget\" data-widget_type=\"image.default\">\n\t\t\t\t<div class=\"elementor-widget-container\">\n\t\t\t\t\t\t\t\t\t\t\t\t\t\t\t<img decoding=\"async\" width=\"768\" height=\"1024\" src=\"https:\/\/foskfoundation.org\/wp-content\/uploads\/2025\/04\/Korea_330-768x1024.webp\" class=\"attachment-medium_large size-medium_large wp-image-118\" alt=\"\" srcset=\"https:\/\/foskfoundation.org\/wp-content\/uploads\/2025\/04\/Korea_330-768x1024.webp 768w, https:\/\/foskfoundation.org\/wp-content\/uploads\/2025\/04\/Korea_330-225x300.webp 225w, https:\/\/foskfoundation.org\/wp-content\/uploads\/2025\/04\/Korea_330-1152x1536.jpg 1152w, https:\/\/foskfoundation.org\/wp-content\/uploads\/2025\/04\/Korea_330-1536x2048.jpg 1536w, https:\/\/foskfoundation.org\/wp-content\/uploads\/2025\/04\/Korea_330-scaled.webp 1440w\" sizes=\"(max-width: 768px) 100vw, 768px\" \/>\t\t\t\t\t\t\t\t\t\t\t\t\t\t\t<\/div>\n\t\t\t\t<\/div>\n\t\t\t\t\t<\/div>\n\t\t\t\t<\/div>\n\t\t<div class=\"elementor-element elementor-element-74bbc6c e-grid e-con-boxed e-con e-parent\" data-id=\"74bbc6c\" data-element_type=\"container\" data-e-type=\"container\">\n\t\t\t\t\t<div class=\"e-con-inner\">\n\t\t\t\t<div class=\"elementor-element elementor-element-8445079 elementor-widget elementor-widget-image\" data-id=\"8445079\" data-element_type=\"widget\" data-e-type=\"widget\" data-widget_type=\"image.default\">\n\t\t\t\t<div class=\"elementor-widget-container\">\n\t\t\t\t\t\t\t\t\t\t\t\t\t\t\t<img loading=\"lazy\" decoding=\"async\" width=\"768\" height=\"1024\" src=\"https:\/\/foskfoundation.org\/wp-content\/uploads\/2025\/04\/Korea_242-768x1024.jpg\" class=\"attachment-large size-large wp-image-122\" alt=\"\" srcset=\"https:\/\/foskfoundation.org\/wp-content\/uploads\/2025\/04\/Korea_242-768x1024.jpg 768w, https:\/\/foskfoundation.org\/wp-content\/uploads\/2025\/04\/Korea_242-225x300.jpg 225w, https:\/\/foskfoundation.org\/wp-content\/uploads\/2025\/04\/Korea_242-1152x1536.jpg 1152w, https:\/\/foskfoundation.org\/wp-content\/uploads\/2025\/04\/Korea_242-1536x2048.jpg 1536w, https:\/\/foskfoundation.org\/wp-content\/uploads\/2025\/04\/Korea_242-scaled.jpg 1920w\" sizes=\"(max-width: 768px) 100vw, 768px\" \/>\t\t\t\t\t\t\t\t\t\t\t\t\t\t\t<\/div>\n\t\t\t\t<\/div>\n\t\t\t\t<div class=\"elementor-element elementor-element-3835097 elementor-widget elementor-widget-text-editor\" data-id=\"3835097\" data-element_type=\"widget\" data-e-type=\"widget\" data-widget_type=\"text-editor.default\">\n\t\t\t\t<div class=\"elementor-widget-container\">\n\t\t\t\t\t\t\t\t\t<p><strong>PARTNERSTWO BIZNESOWE I SPONSORING\u00a0<\/strong><\/p><p>Je\u015bli reprezentujesz firm\u0119 lub instytucj\u0119 i chcesz nas wesprze\u0107 w szerszym zakresie, zapraszamy do wsp\u00f3\u0142pracy w ramach <strong>partnerstwa biznesowego lub sponsoringu<\/strong>. Oferujemy mo\u017cliwo\u015b\u0107 promocji Twojej marki poprzez nasze wydarzenia, materia\u0142y edukacyjne i dzia\u0142ania medialne.<\/p><p>\ud83d\udce9 Skontaktuj si\u0119 z nami, aby om\u00f3wi\u0107 szczeg\u00f3\u0142y!<\/p><p>\ud83d\udce7 <a href=\"mailto:foskfoundation@gmail.com\"><strong>foskfoundation@gmail.com<\/strong><\/a><\/p>\t\t\t\t\t\t\t\t<\/div>\n\t\t\t\t<\/div>\n\t\t\t\t\t<\/div>\n\t\t\t\t<\/div>\n\t\t<div class=\"elementor-element elementor-element-7c400ea e-grid e-con-boxed e-con e-parent\" data-id=\"7c400ea\" data-element_type=\"container\" data-e-type=\"container\">\n\t\t\t\t\t<div class=\"e-con-inner\">\n\t\t\t\t<div class=\"elementor-element elementor-element-fddf50d elementor-widget elementor-widget-text-editor\" data-id=\"fddf50d\" data-element_type=\"widget\" data-e-type=\"widget\" data-widget_type=\"text-editor.default\">\n\t\t\t\t<div class=\"elementor-widget-container\">\n\t\t\t\t\t\t\t\t\t<p><strong>INNE FORMY WSPARCIA\u00a0<\/strong><\/p><p><strong>Wp\u0142aty cykliczne<\/strong> \u2013 ustaw sta\u0142e zlecenie przelewu i wspieraj nas regularnie.<\/p><p>\ud83d\udcb3 Numer rachunku bankowego:<\/p><p>NEST BANK: 67 2530 0008 2012 1083 1096 0001<\/p><p><br \/><strong>Promowanie Fundacji<\/strong> \u2013 udost\u0119pniaj nasze tre\u015bci w mediach spo\u0142eczno\u015bciowych i zapraszaj innych do wspierania naszej dzia\u0142alno\u015bci.<br \/><strong>Wsparcie rzeczowe<\/strong> \u2013 je\u015bli chcesz przekaza\u0107 ksi\u0105\u017cki, materia\u0142y edukacyjne lub inne warto\u015bciowe przedmioty, skontaktuj si\u0119 z nami!<\/p><p>Dzi\u0119kujemy za Twoje wsparcie! \ud83d\udc99 Ka\u017cda forma pomocy sprawia, \u017ce mo\u017cemy dzia\u0142a\u0107 jeszcze skuteczniej.<\/p><p>\ud83d\udce7 <strong>Kontakt:<\/strong> <a href=\"mailto:foskfoundation@gmail.com\">foskfoundation@gmail.com<\/a><\/p>\t\t\t\t\t\t\t\t<\/div>\n\t\t\t\t<\/div>\n\t\t\t\t<div class=\"elementor-element elementor-element-ee5e45d elementor-widget elementor-widget-image\" data-id=\"ee5e45d\" data-element_type=\"widget\" data-e-type=\"widget\" data-widget_type=\"image.default\">\n\t\t\t\t<div class=\"elementor-widget-container\">\n\t\t\t\t\t\t\t\t\t\t\t\t\t\t\t<img loading=\"lazy\" decoding=\"async\" width=\"768\" height=\"1024\" src=\"https:\/\/foskfoundation.org\/wp-content\/uploads\/2025\/04\/Korea_242-768x1024.jpg\" class=\"attachment-large size-large wp-image-122\" alt=\"\" srcset=\"https:\/\/foskfoundation.org\/wp-content\/uploads\/2025\/04\/Korea_242-768x1024.jpg 768w, https:\/\/foskfoundation.org\/wp-content\/uploads\/2025\/04\/Korea_242-225x300.jpg 225w, https:\/\/foskfoundation.org\/wp-content\/uploads\/2025\/04\/Korea_242-1152x1536.jpg 1152w, https:\/\/foskfoundation.org\/wp-content\/uploads\/2025\/04\/Korea_242-1536x2048.jpg 1536w, https:\/\/foskfoundation.org\/wp-content\/uploads\/2025\/04\/Korea_242-scaled.jpg 1920w\" sizes=\"(max-width: 768px) 100vw, 768px\" \/>\t\t\t\t\t\t\t\t\t\t\t\t\t\t\t<\/div>\n\t\t\t\t<\/div>\n\t\t\t\t\t<\/div>\n\t\t\t\t<\/div>\n\t\t<div class=\"elementor-element elementor-element-16abc2d e-grid e-con-boxed e-con e-parent\" data-id=\"16abc2d\" data-element_type=\"container\" data-e-type=\"container\">\n\t\t\t\t\t<div class=\"e-con-inner\">\n\t\t\t\t<div class=\"elementor-element elementor-element-7b81814 elementor-widget elementor-widget-spacer\" data-id=\"7b81814\" data-element_type=\"widget\" data-e-type=\"widget\" data-widget_type=\"spacer.default\">\n\t\t\t\t<div class=\"elementor-widget-container\">\n\t\t\t\t\t\t\t<div class=\"elementor-spacer\">\n\t\t\t<div class=\"elementor-spacer-inner\"><\/div>\n\t\t<\/div>\n\t\t\t\t\t\t<\/div>\n\t\t\t\t<\/div>\n\t\t\t\t\t<\/div>\n\t\t\t\t<\/div>\n\t\t\t\t<section class=\"elementor-section elementor-top-section elementor-element elementor-element-1c2de548 elementor-section-boxed elementor-section-height-default elementor-section-height-default elementor-invisible\" data-id=\"1c2de548\" data-element_type=\"section\" data-e-type=\"section\" data-settings=\"{&quot;background_background&quot;:&quot;classic&quot;,&quot;animation&quot;:&quot;fadeIn&quot;,&quot;animation_delay&quot;:300}\">\n\t\t\t\t\t\t\t<div class=\"elementor-background-overlay\"><\/div>\n\t\t\t\t\t\t\t<div class=\"elementor-container elementor-column-gap-default\">\n\t\t\t\t\t<div class=\"elementor-column elementor-col-100 elementor-top-column elementor-element elementor-element-63b5f2a9\" data-id=\"63b5f2a9\" data-element_type=\"column\" data-e-type=\"column\">\n\t\t\t<div class=\"elementor-widget-wrap elementor-element-populated\">\n\t\t\t\t\t\t<section class=\"elementor-section elementor-inner-section elementor-element elementor-element-6eb647ba elementor-section-boxed elementor-section-height-default elementor-section-height-default\" data-id=\"6eb647ba\" data-element_type=\"section\" data-e-type=\"section\">\n\t\t\t\t\t\t<div class=\"elementor-container elementor-column-gap-default\">\n\t\t\t\t\t<div class=\"elementor-column elementor-col-100 elementor-inner-column elementor-element elementor-element-33763d7b\" data-id=\"33763d7b\" data-element_type=\"column\" data-e-type=\"column\">\n\t\t\t<div class=\"elementor-widget-wrap elementor-element-populated\">\n\t\t\t\t\t\t<div class=\"elementor-element elementor-element-14d066ed elementor-invisible elementor-widget elementor-widget-heading\" data-id=\"14d066ed\" data-element_type=\"widget\" data-e-type=\"widget\" data-settings=\"{&quot;_animation&quot;:&quot;fadeInUp&quot;,&quot;_animation_delay&quot;:400}\" data-widget_type=\"heading.default\">\n\t\t\t\t<div class=\"elementor-widget-container\">\n\t\t\t\t\t<h2 class=\"elementor-heading-title elementor-size-default\">Adventures<\/h2>\t\t\t\t<\/div>\n\t\t\t\t<\/div>\n\t\t\t\t<div class=\"elementor-element elementor-element-304a8c6 elementor-invisible elementor-widget elementor-widget-heading\" data-id=\"304a8c6\" data-element_type=\"widget\" data-e-type=\"widget\" data-settings=\"{&quot;_animation&quot;:&quot;fadeIn&quot;}\" data-widget_type=\"heading.default\">\n\t\t\t\t<div class=\"elementor-widget-container\">\n\t\t\t\t\t<h2 class=\"elementor-heading-title elementor-size-default\">await<\/h2>\t\t\t\t<\/div>\n\t\t\t\t<\/div>\n\t\t\t\t\t<\/div>\n\t\t<\/div>\n\t\t\t\t\t<\/div>\n\t\t<\/section>\n\t\t\t\t\t<\/div>\n\t\t<\/div>\n\t\t\t\t\t<\/div>\n\t\t<\/section>\n\t\t\t\t<\/div>\n\t\t","protected":false},"excerpt":{"rendered":"<p>wsparcie Start Do\u0142\u0105cz do nas Dzia\u0142ania spo\u0142eczne Wesprzyj nas Hamburger Toggle Menu Twoje wsparcie ma znaczenie! &#x1f499; Dzi\u0119ki Twojej pomocy mo\u017cemy rozwija\u0107 dzia\u0142ania Fundacji Przyjaci\u00f3\u0142 Korei Po\u0142udniowej \u2013 organizowa\u0107 wydarzenia kulturalne, edukacyjne i spo\u0142eczne, promowa\u0107 kultur\u0119 Korei oraz wspiera\u0107 integracj\u0119 polsko-korea\u0144sk\u0105. Ka\u017cda forma wsparcia przyczynia si\u0119 do realizacji naszej misji. Sprawd\u017a, jak mo\u017cesz pom\u00f3c! Wspieraj\u0105c [&hellip;]<\/p>\n","protected":false},"author":1,"featured_media":0,"parent":0,"menu_order":0,"comment_status":"closed","ping_status":"closed","template":"","meta":{"footnotes":""},"class_list":["post-32","page","type-page","status-publish","hentry"],"_links":{"self":[{"href":"https:\/\/foskfoundation.org\/index.php\/wp-json\/wp\/v2\/pages\/32","targetHints":{"allow":["GET"]}}],"collection":[{"href":"https:\/\/foskfoundation.org\/index.php\/wp-json\/wp\/v2\/pages"}],"about":[{"href":"https:\/\/foskfoundation.org\/index.php\/wp-json\/wp\/v2\/types\/page"}],"author":[{"embeddable":true,"href":"https:\/\/foskfoundation.org\/index.php\/wp-json\/wp\/v2\/users\/1"}],"replies":[{"embeddable":true,"href":"https:\/\/foskfoundation.org\/index.php\/wp-json\/wp\/v2\/comments?post=32"}],"version-history":[{"count":12,"href":"https:\/\/foskfoundation.org\/index.php\/wp-json\/wp\/v2\/pages\/32\/revisions"}],"predecessor-version":[{"id":248,"href":"https:\/\/foskfoundation.org\/index.php\/wp-json\/wp\/v2\/pages\/32\/revisions\/248"}],"wp:attachment":[{"href":"https:\/\/foskfoundation.org\/index.php\/wp-json\/wp\/v2\/media?parent=32"}],"curies":[{"name":"wp","href":"https:\/\/api.w.org\/{rel}","templated":true}]}}