{"id":16,"date":"2025-01-22T15:03:18","date_gmt":"2025-01-22T15:03:18","guid":{"rendered":"https:\/\/foskfoundation.org\/?page_id=16"},"modified":"2025-12-01T10:54:50","modified_gmt":"2025-12-01T10:54:50","slug":"main-pl","status":"publish","type":"page","link":"https:\/\/foskfoundation.org\/index.php\/pl\/main-pl\/","title":{"rendered":"01 Main PL"},"content":{"rendered":"\t\t<div data-elementor-type=\"wp-post\" data-elementor-id=\"16\" class=\"elementor elementor-16\">\n\t\t\t\t\t\t<section class=\"elementor-section elementor-top-section elementor-element elementor-element-1fb1722f elementor-section-height-full elementor-section-items-stretch elementor-section-content-bottom elementor-section-boxed elementor-section-height-default\" data-id=\"1fb1722f\" data-element_type=\"section\" data-e-type=\"section\" data-settings=\"{&quot;background_background&quot;:&quot;slideshow&quot;,&quot;background_slideshow_gallery&quot;:[{&quot;id&quot;:109,&quot;url&quot;:&quot;http:\\\/\\\/foskfoundation.org\\\/wp-content\\\/uploads\\\/2025\\\/04\\\/Korea_216-scaled.jpg&quot;},{&quot;id&quot;:111,&quot;url&quot;:&quot;http:\\\/\\\/foskfoundation.org\\\/wp-content\\\/uploads\\\/2025\\\/04\\\/Korea_043.jpeg&quot;},{&quot;id&quot;:115,&quot;url&quot;:&quot;http:\\\/\\\/foskfoundation.org\\\/wp-content\\\/uploads\\\/2025\\\/04\\\/Korea_334-scaled.jpg&quot;},{&quot;id&quot;:112,&quot;url&quot;:&quot;http:\\\/\\\/foskfoundation.org\\\/wp-content\\\/uploads\\\/2025\\\/04\\\/Korea_166-scaled.jpg&quot;},{&quot;id&quot;:117,&quot;url&quot;:&quot;http:\\\/\\\/foskfoundation.org\\\/wp-content\\\/uploads\\\/2025\\\/04\\\/Korea_331-scaled.jpg&quot;},{&quot;id&quot;:113,&quot;url&quot;:&quot;http:\\\/\\\/foskfoundation.org\\\/wp-content\\\/uploads\\\/2025\\\/04\\\/Korea_174-scaled.jpg&quot;},{&quot;id&quot;:114,&quot;url&quot;:&quot;http:\\\/\\\/foskfoundation.org\\\/wp-content\\\/uploads\\\/2025\\\/04\\\/Korea_345.webp&quot;},{&quot;id&quot;:118,&quot;url&quot;:&quot;http:\\\/\\\/foskfoundation.org\\\/wp-content\\\/uploads\\\/2025\\\/04\\\/Korea_330-scaled.jpg&quot;},{&quot;id&quot;:116,&quot;url&quot;:&quot;http:\\\/\\\/foskfoundation.org\\\/wp-content\\\/uploads\\\/2025\\\/04\\\/Korea_332-scaled.jpg&quot;},{&quot;id&quot;:119,&quot;url&quot;:&quot;http:\\\/\\\/foskfoundation.org\\\/wp-content\\\/uploads\\\/2025\\\/04\\\/Korea_301-scaled.jpg&quot;},{&quot;id&quot;:120,&quot;url&quot;:&quot;http:\\\/\\\/foskfoundation.org\\\/wp-content\\\/uploads\\\/2025\\\/04\\\/Korea_269-scaled.jpg&quot;},{&quot;id&quot;:121,&quot;url&quot;:&quot;http:\\\/\\\/foskfoundation.org\\\/wp-content\\\/uploads\\\/2025\\\/04\\\/Korea_263-scaled.jpg&quot;},{&quot;id&quot;:122,&quot;url&quot;:&quot;http:\\\/\\\/foskfoundation.org\\\/wp-content\\\/uploads\\\/2025\\\/04\\\/Korea_242-scaled.jpg&quot;},{&quot;id&quot;:123,&quot;url&quot;:&quot;http:\\\/\\\/foskfoundation.org\\\/wp-content\\\/uploads\\\/2025\\\/04\\\/Korea_230-scaled.jpg&quot;},{&quot;id&quot;:124,&quot;url&quot;:&quot;http:\\\/\\\/foskfoundation.org\\\/wp-content\\\/uploads\\\/2025\\\/04\\\/Korea_222-scaled.jpg&quot;}],&quot;background_slideshow_transition_duration&quot;:1000,&quot;background_slideshow_lazyload&quot;:&quot;yes&quot;,&quot;background_slideshow_loop&quot;:&quot;yes&quot;,&quot;background_slideshow_slide_duration&quot;:5000,&quot;background_slideshow_slide_transition&quot;:&quot;fade&quot;}\">\n\t\t\t\t\t\t\t<div class=\"elementor-background-overlay\"><\/div>\n\t\t\t\t\t\t\t<div class=\"elementor-container elementor-column-gap-default\">\n\t\t\t\t\t<div class=\"elementor-column elementor-col-100 elementor-top-column elementor-element elementor-element-73f79c76\" data-id=\"73f79c76\" data-element_type=\"column\" data-e-type=\"column\">\n\t\t\t<div class=\"elementor-widget-wrap elementor-element-populated\">\n\t\t\t\t\t\t<div class=\"elementor-element elementor-element-7bee832 elementor-widget elementor-widget-heading\" data-id=\"7bee832\" data-element_type=\"widget\" data-e-type=\"widget\" data-widget_type=\"heading.default\">\n\t\t\t\t<div class=\"elementor-widget-container\">\n\t\t\t\t\t<h2 class=\"elementor-heading-title elementor-size-default\">Feel the Korean Spirit In Poland. Discover the Polish Heart In Korea.<\/h2>\t\t\t\t<\/div>\n\t\t\t\t<\/div>\n\t\t\t\t<div class=\"elementor-element elementor-element-67a4f20 elementor-widget elementor-widget-image\" data-id=\"67a4f20\" data-element_type=\"widget\" data-e-type=\"widget\" data-widget_type=\"image.default\">\n\t\t\t\t<div class=\"elementor-widget-container\">\n\t\t\t\t\t\t\t\t\t\t\t\t\t\t\t<img fetchpriority=\"high\" decoding=\"async\" width=\"298\" height=\"300\" src=\"https:\/\/foskfoundation.org\/wp-content\/uploads\/2025\/04\/logo-kolo-298x300.png\" class=\"attachment-medium size-medium wp-image-136\" alt=\"\" srcset=\"https:\/\/foskfoundation.org\/wp-content\/uploads\/2025\/04\/logo-kolo-298x300.png 298w, https:\/\/foskfoundation.org\/wp-content\/uploads\/2025\/04\/logo-kolo-150x150.png 150w, https:\/\/foskfoundation.org\/wp-content\/uploads\/2025\/04\/logo-kolo.png 519w\" sizes=\"(max-width: 298px) 100vw, 298px\" \/>\t\t\t\t\t\t\t\t\t\t\t\t\t\t\t<\/div>\n\t\t\t\t<\/div>\n\t\t\t\t<div class=\"elementor-element elementor-element-df8fcb6 eael_simple_menu_hamburger_disable_selected_menu_no eael-simple-menu-hamburger-align-right eael-hamburger--tablet elementor-widget elementor-widget-eael-simple-menu\" data-id=\"df8fcb6\" data-element_type=\"widget\" data-e-type=\"widget\" data-widget_type=\"eael-simple-menu.default\">\n\t\t\t\t<div class=\"elementor-widget-container\">\n\t\t\t\t\t<style>\n                        @media screen and (max-width: 1024px) {\n                            .eael-hamburger--tablet {\n                                .eael-simple-menu-horizontal,\n                                .eael-simple-menu-vertical {\n                                    display: none;\n                                }\n                            }\n                            .eael-hamburger--tablet {\n                                .eael-simple-menu-container .eael-simple-menu-toggle {\n                                    display: block;\n                                }\n                            }\n                        }\n                    <\/style>            <div data-hamburger-icon=\"&lt;svg aria-hidden=&quot;true&quot; class=&quot;e-font-icon-svg e-fas-bars&quot; viewBox=&quot;0 0 448 512&quot; xmlns=&quot;http:\/\/www.w3.org\/2000\/svg&quot;&gt;&lt;path d=&quot;M16 132h416c8.837 0 16-7.163 16-16V76c0-8.837-7.163-16-16-16H16C7.163 60 0 67.163 0 76v40c0 8.837 7.163 16 16 16zm0 160h416c8.837 0 16-7.163 16-16v-40c0-8.837-7.163-16-16-16H16c-8.837 0-16 7.163-16 16v40c0 8.837 7.163 16 16 16zm0 160h416c8.837 0 16-7.163 16-16v-40c0-8.837-7.163-16-16-16H16c-8.837 0-16 7.163-16 16v40c0 8.837 7.163 16 16 16z&quot;&gt;&lt;\/path&gt;&lt;\/svg&gt;\" data-indicator-icon=\"&lt;svg aria-hidden=&quot;true&quot; class=&quot;e-font-icon-svg e-fas-angle-down&quot; viewBox=&quot;0 0 320 512&quot; xmlns=&quot;http:\/\/www.w3.org\/2000\/svg&quot;&gt;&lt;path d=&quot;M143 352.3L7 216.3c-9.4-9.4-9.4-24.6 0-33.9l22.6-22.6c9.4-9.4 24.6-9.4 33.9 0l96.4 96.4 96.4-96.4c9.4-9.4 24.6-9.4 33.9 0l22.6 22.6c9.4 9.4 9.4 24.6 0 33.9l-136 136c-9.2 9.4-24.4 9.4-33.8 0z&quot;&gt;&lt;\/path&gt;&lt;\/svg&gt;\" data-dropdown-indicator-icon=\"&lt;svg class=&quot;e-font-icon-svg e-fas-angle-down&quot; viewBox=&quot;0 0 320 512&quot; xmlns=&quot;http:\/\/www.w3.org\/2000\/svg&quot;&gt;&lt;path d=&quot;M143 352.3L7 216.3c-9.4-9.4-9.4-24.6 0-33.9l22.6-22.6c9.4-9.4 24.6-9.4 33.9 0l96.4 96.4 96.4-96.4c9.4-9.4 24.6-9.4 33.9 0l22.6 22.6c9.4 9.4 9.4 24.6 0 33.9l-136 136c-9.2 9.4-24.4 9.4-33.8 0z&quot;&gt;&lt;\/path&gt;&lt;\/svg&gt;\" class=\"eael-simple-menu-container eael-simple-menu-align-center eael-simple-menu-dropdown-align-left preset-1\" data-hamburger-breakpoints=\"{&quot;mobile&quot;:&quot;Mobilny pionowy (&gt; 767px)&quot;,&quot;tablet&quot;:&quot;Pionowy tablet (&gt; 1024px)&quot;,&quot;desktop&quot;:&quot;Desktop (&gt; 2400px)&quot;,&quot;none&quot;:&quot;None&quot;}\" data-hamburger-device=\"tablet\">\n                <ul id=\"menu-menuglownepl\" class=\"eael-simple-menu eael-simple-menu-dropdown-animate-to-top eael-simple-menu-indicator eael-simple-menu-horizontal\"><li id=\"menu-item-128\" class=\"menu-item menu-item-type-post_type menu-item-object-page menu-item-home menu-item-128\"><a href=\"https:\/\/foskfoundation.org\/index.php\/pl\/main-pl\/\">Start<\/a><\/li>\n<li id=\"menu-item-129\" class=\"menu-item menu-item-type-post_type menu-item-object-page menu-item-129\"><a href=\"https:\/\/foskfoundation.org\/index.php\/pl\/dolacz-do-nas-pl\/\">Do\u0142\u0105cz do nas<\/a><\/li>\n<li id=\"menu-item-186\" class=\"menu-item menu-item-type-post_type menu-item-object-page menu-item-186\"><a href=\"https:\/\/foskfoundation.org\/index.php\/pl\/dzialania-spoleczne-pl\/\">Dzia\u0142ania spo\u0142eczne<\/a><\/li>\n<li id=\"menu-item-130\" class=\"menu-item menu-item-type-post_type menu-item-object-page menu-item-130\"><a href=\"https:\/\/foskfoundation.org\/index.php\/pl\/wsparcie-pl\/\">Wesprzyj nas<\/a><\/li>\n<li id=\"menu-item-300\" class=\"menu-item menu-item-type-custom menu-item-object-custom menu-item-300\"><a href=\"#pll_switcher\">J\u0119zyki<\/a><\/li>\n<\/ul>                <button class=\"eael-simple-menu-toggle\">\n                    <span class=\"sr-only \">Hamburger Toggle Menu<\/span>\n                    <svg aria-hidden=\"true\" class=\"e-font-icon-svg e-fas-bars\" viewBox=\"0 0 448 512\" xmlns=\"http:\/\/www.w3.org\/2000\/svg\"><path d=\"M16 132h416c8.837 0 16-7.163 16-16V76c0-8.837-7.163-16-16-16H16C7.163 60 0 67.163 0 76v40c0 8.837 7.163 16 16 16zm0 160h416c8.837 0 16-7.163 16-16v-40c0-8.837-7.163-16-16-16H16c-8.837 0-16 7.163-16 16v40c0 8.837 7.163 16 16 16zm0 160h416c8.837 0 16-7.163 16-16v-40c0-8.837-7.163-16-16-16H16c-8.837 0-16 7.163-16 16v40c0 8.837 7.163 16 16 16z\"><\/path><\/svg>                <\/button>\n            <\/div>\n            \t\t\t\t<\/div>\n\t\t\t\t<\/div>\n\t\t\t\t\t<\/div>\n\t\t<\/div>\n\t\t\t\t\t<\/div>\n\t\t<\/section>\n\t\t<div class=\"elementor-element elementor-element-f5bdda6 e-flex e-con-boxed e-con e-parent\" data-id=\"f5bdda6\" data-element_type=\"container\" data-e-type=\"container\">\n\t\t\t\t\t<div class=\"e-con-inner\">\n\t\t\t\t<div class=\"elementor-element elementor-element-4b77e2b elementor-widget elementor-widget-text-editor\" data-id=\"4b77e2b\" data-element_type=\"widget\" data-e-type=\"widget\" data-widget_type=\"text-editor.default\">\n\t\t\t\t<div class=\"elementor-widget-container\">\n\t\t\t\t\t\t\t\t\t<p>Misj\u0105 fundacji jest promowanie kultury i historii Korei Po\u0142udniowej w Polsce oraz polskiej kultury i dziedzictwa w Korei. Jako fundacja przybli\u017camy Polakom kultur\u0119 i histori\u0119 tego niezwyk\u0142ego kraju, z kt\u00f3rym Polsk\u0119 tak wiele \u0142\u0105czy. Wspieramy wymian\u0119 do\u015bwiadcze\u0144, edukacj\u0119 i rozw\u00f3j wsp\u00f3\u0142pracy mi\u0119dzy naszymi krajami na poziomie kulturalnym, edukacyjnym, technologicznym i gospodarczym. Tworzymy przestrze\u0144, w kt\u00f3rej pasjonaci Korei i Polski mog\u0105 rozwija\u0107 swoj\u0105 wiedz\u0119 i budowa\u0107 trwa\u0142e relacje mi\u0119dzynarodowe. Wspieramy tak\u017ce kobiety w rozwoju oraz walce o prawa, zar\u00f3wno w Polsce, jak i w Korei, anga\u017cuj\u0105c si\u0119 w inicjatywy spo\u0142eczne i edukacyjne. Dodatkowo oferujemy wsparcie eksperckie firmom z regionu Podlasia wchodz\u0105cym na rynek korea\u0144ski.<\/p>\t\t\t\t\t\t\t\t<\/div>\n\t\t\t\t<\/div>\n\t\t\t\t\t<\/div>\n\t\t\t\t<\/div>\n\t\t\t\t<\/div>\n\t\t","protected":false},"excerpt":{"rendered":"<p>Feel the Korean Spirit In Poland. Discover the Polish Heart In Korea. Start Do\u0142\u0105cz do nas Dzia\u0142ania spo\u0142eczne Wesprzyj nas Hamburger Toggle Menu Misj\u0105 fundacji jest promowanie kultury i historii Korei Po\u0142udniowej w Polsce oraz polskiej kultury i dziedzictwa w Korei. Jako fundacja przybli\u017camy Polakom kultur\u0119 i histori\u0119 tego niezwyk\u0142ego kraju, z kt\u00f3rym Polsk\u0119 tak [&hellip;]<\/p>\n","protected":false},"author":1,"featured_media":0,"parent":0,"menu_order":0,"comment_status":"closed","ping_status":"closed","template":"","meta":{"footnotes":""},"class_list":["post-16","page","type-page","status-publish","hentry"],"_links":{"self":[{"href":"https:\/\/foskfoundation.org\/index.php\/wp-json\/wp\/v2\/pages\/16","targetHints":{"allow":["GET"]}}],"collection":[{"href":"https:\/\/foskfoundation.org\/index.php\/wp-json\/wp\/v2\/pages"}],"about":[{"href":"https:\/\/foskfoundation.org\/index.php\/wp-json\/wp\/v2\/types\/page"}],"author":[{"embeddable":true,"href":"https:\/\/foskfoundation.org\/index.php\/wp-json\/wp\/v2\/users\/1"}],"replies":[{"embeddable":true,"href":"https:\/\/foskfoundation.org\/index.php\/wp-json\/wp\/v2\/comments?post=16"}],"version-history":[{"count":56,"href":"https:\/\/foskfoundation.org\/index.php\/wp-json\/wp\/v2\/pages\/16\/revisions"}],"predecessor-version":[{"id":403,"href":"https:\/\/foskfoundation.org\/index.php\/wp-json\/wp\/v2\/pages\/16\/revisions\/403"}],"wp:attachment":[{"href":"https:\/\/foskfoundation.org\/index.php\/wp-json\/wp\/v2\/media?parent=16"}],"curies":[{"name":"wp","href":"https:\/\/api.w.org\/{rel}","templated":true}]}}